{"id":2897,"date":"2020-04-06T15:47:55","date_gmt":"2020-04-06T18:47:55","guid":{"rendered":"http:\/\/qantumthemes.xyz\/onair2\/demo3\/?page_id=2897"},"modified":"2023-05-06T08:38:34","modified_gmt":"2023-05-06T11:38:34","slug":"onair2-home-new","status":"publish","type":"page","link":"https:\/\/radiokosak.com.br\/portal\/","title":{"rendered":"Home"},"content":{"rendered":"<p>[vc_row][vc_column]\t\t\n\t\t<div class=\"qt-slickslider-container\">\n\t\t\t<div class=\"qt-slickslider qt-invisible qt-animated qt-slickslider-single qt-black-bg\" data-variablewidth=\"true\" data-arrows=\"true\" data-dots=\"true\" data-infinite=\"true\" data-centermode=\"true\" data-pauseonhover=\"true\" data-autoplay=\"true\" data-arrowsmobile=\"false\" data-centermodemobile=\"true\" data-dotsmobile=\"true\" data-variablewidthmobile=\"true\">\n\t\t\t\t\t\t\t\t\t<div class=\"qt-slick-opacity-fx qt-item\">\n\t\t\t\t\t\t<!-- POST HERO ITEM ========================= -->\n<div class=\"qt-part-archive-item qt-part-item-post-hero\">\n\t<div class=\"qt-item-header\">\n\t\t<div class=\"qt-header-top\">\n\t\t\t<div class=\"qt-feedback\">\n\t    \t\t1<i class=\"dripicons-heart\"><\/i>\t    \t<\/div>\n\t    <\/div>\n\t\t<div class=\"qt-header-mid qt-vc\">\n\t\t\t<div class=\"qt-vi\">\n\t\t\t\t<ul class=\"qt-tags\">\n\t\t\t\t\t<li>\n\t\t\t\t\t\t<a href=\"https:\/\/radiokosak.com.br\/portal\/category\/slide\/\" rel=\"category tag\">Slide<\/a>\t\t\t\t\t<\/li>\n\t\t\t\t<\/ul>\n\t\t  \t\t<h2 class=\"qt-title\">\n\t\t\t\t\t<a href=\"https:\/\/radiokosak.com.br\/portal\/amais-querida\/\" class=\"qt-text-shadow qt-ellipsis-2 qt-t\">\n\t\t\t\t\t\tA mais ouvida de Curitiba!\t\t\t\t\t<\/a>\n\t\t\t\t<\/h2>\n\t\t\t\t<div class=\"qt-the-content qt-spacer-s small hide-on-med-and-down \">\n\t\t\t\t\t<p class=\"qt-spacer-s qt-text-shadow small qt-ellipsis-2\">\n\t\t\t\t\tPodemos nos orgulhar e dizer que nossa r\u00e1dio \u00e9 a mais ouvida da cidade de Curitiba e de muitos ouvintes em todo o Brasil e no mundo. Nossa plataforma permite ouvir nossa r\u00e1dio em qualquer lugar do planeta. Recebemos v\u00e1rios elogios dos nossos ouvintes ass\u00edduos e a cada dia nossa audi\u00eancia cresce. R\u00e1dio Kosak, mais [&hellip;]\t\t\t\t\t<\/p>\n\t\t\t\t\t<p><a href=\"https:\/\/radiokosak.com.br\/portal\/amais-querida\/\" class=\"qt-btn qt-btn-l qt-btn-primary \"><i class=\"dripicons-align-justify\"><\/i><\/a><\/p>\n\t\t\t\t<\/div>\n\t\t\t<\/div>\n\t\t<\/div>\n\t\t\t        <div class=\"qt-header-bg\" data-bgimage=\"https:\/\/radiokosak.com.br\/portal\/wp-content\/uploads\/2024\/05\/DALL\u00b7E-2024-09-03-22.09.41-A-3D-radio-design-featuring-the-Radio-Kosak-Hits-logo-exactly-as-provided.-The-radio-should-be-sleek-and-compact-with-a-polished-metallic-finish.-The.webp\">\n\t            <img loading=\"lazy\" decoding=\"async\" width=\"1024\" height=\"1024\" src=\"https:\/\/radiokosak.com.br\/portal\/wp-content\/uploads\/2024\/05\/DALL\u00b7E-2024-09-03-22.09.41-A-3D-radio-design-featuring-the-Radio-Kosak-Hits-logo-exactly-as-provided.-The-radio-should-be-sleek-and-compact-with-a-polished-metallic-finish.-The.webp\" class=\"img-responsive activator wp-post-image\" alt=\"\" srcset=\"https:\/\/radiokosak.com.br\/portal\/wp-content\/uploads\/2024\/05\/DALL\u00b7E-2024-09-03-22.09.41-A-3D-radio-design-featuring-the-Radio-Kosak-Hits-logo-exactly-as-provided.-The-radio-should-be-sleek-and-compact-with-a-polished-metallic-finish.-The.webp 1024w, https:\/\/radiokosak.com.br\/portal\/wp-content\/uploads\/2024\/05\/DALL\u00b7E-2024-09-03-22.09.41-A-3D-radio-design-featuring-the-Radio-Kosak-Hits-logo-exactly-as-provided.-The-radio-should-be-sleek-and-compact-with-a-polished-metallic-finish.-The-300x300.webp 300w, https:\/\/radiokosak.com.br\/portal\/wp-content\/uploads\/2024\/05\/DALL\u00b7E-2024-09-03-22.09.41-A-3D-radio-design-featuring-the-Radio-Kosak-Hits-logo-exactly-as-provided.-The-radio-should-be-sleek-and-compact-with-a-polished-metallic-finish.-The-150x150.webp 150w, https:\/\/radiokosak.com.br\/portal\/wp-content\/uploads\/2024\/05\/DALL\u00b7E-2024-09-03-22.09.41-A-3D-radio-design-featuring-the-Radio-Kosak-Hits-logo-exactly-as-provided.-The-radio-should-be-sleek-and-compact-with-a-polished-metallic-finish.-The-768x768.webp 768w, https:\/\/radiokosak.com.br\/portal\/wp-content\/uploads\/2024\/05\/DALL\u00b7E-2024-09-03-22.09.41-A-3D-radio-design-featuring-the-Radio-Kosak-Hits-logo-exactly-as-provided.-The-radio-should-be-sleek-and-compact-with-a-polished-metallic-finish.-The-690x690.webp 690w, https:\/\/radiokosak.com.br\/portal\/wp-content\/uploads\/2024\/05\/DALL\u00b7E-2024-09-03-22.09.41-A-3D-radio-design-featuring-the-Radio-Kosak-Hits-logo-exactly-as-provided.-The-radio-should-be-sleek-and-compact-with-a-polished-metallic-finish.-The-170x170.webp 170w\" sizes=\"auto, (max-width: 1024px) 100vw, 1024px\" \/>\t        <\/div>\n     \t\t<\/div>\n<\/div>\n<!-- POST HERO ITEM END ========================= -->\n\t\t\t\t\t<\/div>\n\t\t\t\t\t\t\t\t\t\t<div class=\"qt-slick-opacity-fx qt-item\">\n\t\t\t\t\t\t<!-- POST HERO ITEM ========================= -->\n<div class=\"qt-part-archive-item qt-part-item-post-hero\">\n\t<div class=\"qt-item-header\">\n\t\t<div class=\"qt-header-top\">\n\t\t\t<div class=\"qt-feedback\">\n\t    \t\t0<i class=\"dripicons-heart\"><\/i>\t    \t<\/div>\n\t    <\/div>\n\t\t<div class=\"qt-header-mid qt-vc\">\n\t\t\t<div class=\"qt-vi\">\n\t\t\t\t<ul class=\"qt-tags\">\n\t\t\t\t\t<li>\n\t\t\t\t\t\t<a href=\"https:\/\/radiokosak.com.br\/portal\/category\/slide\/\" rel=\"category tag\">Slide<\/a>\t\t\t\t\t<\/li>\n\t\t\t\t<\/ul>\n\t\t  \t\t<h2 class=\"qt-title\">\n\t\t\t\t\t<a href=\"https:\/\/radiokosak.com.br\/portal\/sucesso\/\" class=\"qt-text-shadow qt-ellipsis-2 qt-t\">\n\t\t\t\t\t\tPrograma\u00e7\u00e3o de Sucesso!\t\t\t\t\t<\/a>\n\t\t\t\t<\/h2>\n\t\t\t\t<div class=\"qt-the-content qt-spacer-s small hide-on-med-and-down \">\n\t\t\t\t\t<p class=\"qt-spacer-s qt-text-shadow small qt-ellipsis-2\">\n\t\t\t\t\tNossa grade de programa\u00e7\u00e3o foi pensada para voc\u00ea. Muita informa\u00e7\u00e3o e uma variedade de m\u00fasicas para que nossos ouvintes n\u00e3o sinta-se entediados. Confira, continue nos ouvindo e ir\u00e1 se apaixonar pelos nossos locutores.\t\t\t\t\t<\/p>\n\t\t\t\t\t<p><a href=\"https:\/\/radiokosak.com.br\/portal\/sucesso\/\" class=\"qt-btn qt-btn-l qt-btn-primary \"><i class=\"dripicons-align-justify\"><\/i><\/a><\/p>\n\t\t\t\t<\/div>\n\t\t\t<\/div>\n\t\t<\/div>\n\t\t\t        <div class=\"qt-header-bg\" data-bgimage=\"https:\/\/radiokosak.com.br\/portal\/wp-content\/uploads\/2020\/08\/radio-kosak-curitiba-2023-9.jpg\">\n\t            <img loading=\"lazy\" decoding=\"async\" width=\"1016\" height=\"508\" src=\"https:\/\/radiokosak.com.br\/portal\/wp-content\/uploads\/2020\/08\/radio-kosak-curitiba-2023-9.jpg\" class=\"img-responsive activator wp-post-image\" alt=\"\" srcset=\"https:\/\/radiokosak.com.br\/portal\/wp-content\/uploads\/2020\/08\/radio-kosak-curitiba-2023-9.jpg 1016w, https:\/\/radiokosak.com.br\/portal\/wp-content\/uploads\/2020\/08\/radio-kosak-curitiba-2023-9-300x150.jpg 300w, https:\/\/radiokosak.com.br\/portal\/wp-content\/uploads\/2020\/08\/radio-kosak-curitiba-2023-9-768x384.jpg 768w\" sizes=\"auto, (max-width: 1016px) 100vw, 1016px\" \/>\t        <\/div>\n     \t\t<\/div>\n<\/div>\n<!-- POST HERO ITEM END ========================= -->\n\t\t\t\t\t<\/div>\n\t\t\t\t\t\t\t\t\t\t<div class=\"qt-slick-opacity-fx qt-item\">\n\t\t\t\t\t\t<!-- POST HERO ITEM ========================= -->\n<div class=\"qt-part-archive-item qt-part-item-post-hero\">\n\t<div class=\"qt-item-header\">\n\t\t<div class=\"qt-header-top\">\n\t\t\t<div class=\"qt-feedback\">\n\t    \t\t0<i class=\"dripicons-heart\"><\/i>\t    \t<\/div>\n\t    <\/div>\n\t\t<div class=\"qt-header-mid qt-vc\">\n\t\t\t<div class=\"qt-vi\">\n\t\t\t\t<ul class=\"qt-tags\">\n\t\t\t\t\t<li>\n\t\t\t\t\t\t<a href=\"https:\/\/radiokosak.com.br\/portal\/category\/slide\/\" rel=\"category tag\">Slide<\/a>\t\t\t\t\t<\/li>\n\t\t\t\t<\/ul>\n\t\t  \t\t<h2 class=\"qt-title\">\n\t\t\t\t\t<a href=\"https:\/\/radiokosak.com.br\/portal\/nosso-whatsapp-41-4042-0018\/\" class=\"qt-text-shadow qt-ellipsis-2 qt-t\">\n\t\t\t\t\t\tWhatsApp &#8211; (41) 4042-0018\t\t\t\t\t<\/a>\n\t\t\t\t<\/h2>\n\t\t\t\t<div class=\"qt-the-content qt-spacer-s small hide-on-med-and-down \">\n\t\t\t\t\t<p class=\"qt-spacer-s qt-text-shadow small qt-ellipsis-2\">\n\t\t\t\t\tEnvie uma mensagem pra n\u00f3s!\t\t\t\t\t<\/p>\n\t\t\t\t\t<p><a href=\"https:\/\/radiokosak.com.br\/portal\/nosso-whatsapp-41-4042-0018\/\" class=\"qt-btn qt-btn-l qt-btn-primary \"><i class=\"dripicons-align-justify\"><\/i><\/a><\/p>\n\t\t\t\t<\/div>\n\t\t\t<\/div>\n\t\t<\/div>\n\t\t\t        <div class=\"qt-header-bg\" data-bgimage=\"https:\/\/radiokosak.com.br\/portal\/wp-content\/uploads\/2022\/05\/WhatsApp-radio-kosak-2023-8.jpg\">\n\t            <img loading=\"lazy\" decoding=\"async\" width=\"830\" height=\"490\" src=\"https:\/\/radiokosak.com.br\/portal\/wp-content\/uploads\/2022\/05\/WhatsApp-radio-kosak-2023-8.jpg\" class=\"img-responsive activator wp-post-image\" alt=\"\" srcset=\"https:\/\/radiokosak.com.br\/portal\/wp-content\/uploads\/2022\/05\/WhatsApp-radio-kosak-2023-8.jpg 830w, https:\/\/radiokosak.com.br\/portal\/wp-content\/uploads\/2022\/05\/WhatsApp-radio-kosak-2023-8-300x177.jpg 300w, https:\/\/radiokosak.com.br\/portal\/wp-content\/uploads\/2022\/05\/WhatsApp-radio-kosak-2023-8-768x453.jpg 768w\" sizes=\"auto, (max-width: 830px) 100vw, 830px\" \/>\t        <\/div>\n     \t\t<\/div>\n<\/div>\n<!-- POST HERO ITEM END ========================= -->\n\t\t\t\t\t<\/div>\n\t\t\t\t\t\t\t\t\t\t<div class=\"qt-slick-opacity-fx qt-item\">\n\t\t\t\t\t\t<!-- POST HERO ITEM ========================= -->\n<div class=\"qt-part-archive-item qt-part-item-post-hero\">\n\t<div class=\"qt-item-header\">\n\t\t<div class=\"qt-header-top\">\n\t\t\t<div class=\"qt-feedback\">\n\t    \t\t0<i class=\"dripicons-heart\"><\/i>\t    \t<\/div>\n\t    <\/div>\n\t\t<div class=\"qt-header-mid qt-vc\">\n\t\t\t<div class=\"qt-vi\">\n\t\t\t\t<ul class=\"qt-tags\">\n\t\t\t\t\t<li>\n\t\t\t\t\t\t<a href=\"https:\/\/radiokosak.com.br\/portal\/category\/em-alta\/\" rel=\"category tag\">Em Alta<\/a><\/li><li><a href=\"https:\/\/radiokosak.com.br\/portal\/category\/slide\/\" rel=\"category tag\">Slide<\/a>\t\t\t\t\t<\/li>\n\t\t\t\t<\/ul>\n\t\t  \t\t<h2 class=\"qt-title\">\n\t\t\t\t\t<a href=\"https:\/\/radiokosak.com.br\/portal\/baixe-o-app-multiplataforma\/\" class=\"qt-text-shadow qt-ellipsis-2 qt-t\">\n\t\t\t\t\t\tBaixe o APP Multiplataforma da R\u00e1dio Kosak\t\t\t\t\t<\/a>\n\t\t\t\t<\/h2>\n\t\t\t\t<div class=\"qt-the-content qt-spacer-s small hide-on-med-and-down \">\n\t\t\t\t\t<p class=\"qt-spacer-s qt-text-shadow small qt-ellipsis-2\">\n\t\t\t\t\tClique no \u00edcone para baixar no seu celular ou computador Aplicativo da R\u00e1dio Kosak, ap\u00f3s instalar, ou\u00e7a em qualquer lugar. Escolha qual R\u00e1dio voc\u00ea quer instalar, R\u00e1dio Kosak &#8211; Hits ou a R\u00e1dio Kosak &#8211; Light. Ao clicar, ser\u00e1 aberto o app no navegador\u00a0 e ser\u00e1 exibido uma mensagem de instala\u00e7\u00e3o do app. D\u00favidas ou [&hellip;]\t\t\t\t\t<\/p>\n\t\t\t\t\t<p><a href=\"https:\/\/radiokosak.com.br\/portal\/baixe-o-app-multiplataforma\/\" class=\"qt-btn qt-btn-l qt-btn-primary \"><i class=\"dripicons-align-justify\"><\/i><\/a><\/p>\n\t\t\t\t<\/div>\n\t\t\t<\/div>\n\t\t<\/div>\n\t\t\t        <div class=\"qt-header-bg\" data-bgimage=\"https:\/\/radiokosak.com.br\/portal\/wp-content\/uploads\/2022\/05\/app-radio-kosak-2023-9.jpg\">\n\t            <img loading=\"lazy\" decoding=\"async\" width=\"600\" height=\"400\" src=\"https:\/\/radiokosak.com.br\/portal\/wp-content\/uploads\/2022\/05\/app-radio-kosak-2023-9.jpg\" class=\"img-responsive activator wp-post-image\" alt=\"\" srcset=\"https:\/\/radiokosak.com.br\/portal\/wp-content\/uploads\/2022\/05\/app-radio-kosak-2023-9.jpg 600w, https:\/\/radiokosak.com.br\/portal\/wp-content\/uploads\/2022\/05\/app-radio-kosak-2023-9-300x200.jpg 300w\" sizes=\"auto, (max-width: 600px) 100vw, 600px\" \/>\t        <\/div>\n     \t\t<\/div>\n<\/div>\n<!-- POST HERO ITEM END ========================= -->\n\t\t\t\t\t<\/div>\n\t\t\t\t\t\t\t\t\t\t<div class=\"qt-slick-opacity-fx qt-item\">\n\t\t\t\t\t\t<!-- POST HERO ITEM ========================= -->\n<div class=\"qt-part-archive-item qt-part-item-post-hero\">\n\t<div class=\"qt-item-header\">\n\t\t<div class=\"qt-header-top\">\n\t\t\t<div class=\"qt-feedback\">\n\t    \t\t0<i class=\"dripicons-heart\"><\/i>\t    \t<\/div>\n\t    <\/div>\n\t\t<div class=\"qt-header-mid qt-vc\">\n\t\t\t<div class=\"qt-vi\">\n\t\t\t\t<ul class=\"qt-tags\">\n\t\t\t\t\t<li>\n\t\t\t\t\t\t<a href=\"https:\/\/radiokosak.com.br\/portal\/category\/slide\/\" rel=\"category tag\">Slide<\/a>\t\t\t\t\t<\/li>\n\t\t\t\t<\/ul>\n\t\t  \t\t<h2 class=\"qt-title\">\n\t\t\t\t\t<a href=\"https:\/\/radiokosak.com.br\/portal\/amelhor-radio\/\" class=\"qt-text-shadow qt-ellipsis-2 qt-t\">\n\t\t\t\t\t\tR\u00e1dio Kosak, 20 anos No Ar!\t\t\t\t\t<\/a>\n\t\t\t\t<\/h2>\n\t\t\t\t<div class=\"qt-the-content qt-spacer-s small hide-on-med-and-down \">\n\t\t\t\t\t<p class=\"qt-spacer-s qt-text-shadow small qt-ellipsis-2\">\n\t\t\t\t\tUsamos a mais moderna tecnologia para levar aos nossos ouvintes um som agrad\u00e1vel e gostoso de ouvir. Aqui voc\u00ea ter\u00e1 muita m\u00fasica, divers\u00e3o e entretenimento.\t\t\t\t\t<\/p>\n\t\t\t\t\t<p><a href=\"https:\/\/radiokosak.com.br\/portal\/amelhor-radio\/\" class=\"qt-btn qt-btn-l qt-btn-primary \"><i class=\"dripicons-align-justify\"><\/i><\/a><\/p>\n\t\t\t\t<\/div>\n\t\t\t<\/div>\n\t\t<\/div>\n\t\t\t        <div class=\"qt-header-bg\" data-bgimage=\"https:\/\/radiokosak.com.br\/portal\/wp-content\/uploads\/2024\/08\/estudio-de-radio-web-como-montar-um-estudio-scaled-1-2048x1366.jpg1_-1024x683.webp\">\n\t            <img loading=\"lazy\" decoding=\"async\" width=\"1024\" height=\"683\" src=\"https:\/\/radiokosak.com.br\/portal\/wp-content\/uploads\/2024\/08\/estudio-de-radio-web-como-montar-um-estudio-scaled-1-2048x1366.jpg1_-1024x683.webp\" class=\"img-responsive activator wp-post-image\" alt=\"\" srcset=\"https:\/\/radiokosak.com.br\/portal\/wp-content\/uploads\/2024\/08\/estudio-de-radio-web-como-montar-um-estudio-scaled-1-2048x1366.jpg1_-1024x683.webp 1024w, https:\/\/radiokosak.com.br\/portal\/wp-content\/uploads\/2024\/08\/estudio-de-radio-web-como-montar-um-estudio-scaled-1-2048x1366.jpg1_-300x200.webp 300w, https:\/\/radiokosak.com.br\/portal\/wp-content\/uploads\/2024\/08\/estudio-de-radio-web-como-montar-um-estudio-scaled-1-2048x1366.jpg1_-768x512.webp 768w, https:\/\/radiokosak.com.br\/portal\/wp-content\/uploads\/2024\/08\/estudio-de-radio-web-como-montar-um-estudio-scaled-1-2048x1366.jpg1_-1536x1025.webp 1536w, https:\/\/radiokosak.com.br\/portal\/wp-content\/uploads\/2024\/08\/estudio-de-radio-web-como-montar-um-estudio-scaled-1-2048x1366.jpg1_.webp 2048w\" sizes=\"auto, (max-width: 1024px) 100vw, 1024px\" \/>\t        <\/div>\n     \t\t<\/div>\n<\/div>\n<!-- POST HERO ITEM END ========================= -->\n\t\t\t\t\t<\/div>\n\t\t\t\t\t\t\t\t<\/div>\n\t\t<\/div>\n\t\t[\/vc_column][\/vc_row][vc_row full_width=&#8221;stretch_row&#8221; qt_negative=&#8221;true&#8221; qt_container=&#8221;true&#8221; css=&#8221;.vc_custom_1636429348648{padding-top: 20px !important;background-color: #242530 !important;}&#8221;][vc_column]\t\t\t<hr class=\"qt-spacer-s\">\n\t\t\t\t\t<!-- SHARE FUNCTIONS ================================================== -->\n\t\t\t<div class=\"qt-short-share \">\n\t\t\t\t<ul class=\"qt-sharepage qt-content-primary  qt-center qt-sharepage-horizontal\">\n\t\t\t\t\t<li class=\"hide-on-med-and-down\">\n\t\t\t\t\t\t<i class=\"qticon-share qt-sharelink qt-shareicon qt-content-primary-dark\"><\/i>\n\t\t\t\t\t<\/li>\n\t\t\t\t\t<li>\n\t\t\t\t\t\t<a class=\"qt-popupwindow qt-sharelink\" target=\"_blank\" rel=\"nofollow\"\n\t\t\t\t\t\tdata-name=\"Share\" data-width=\"600\" data-height=\"500\" target=\"_blank\" href=\"https:\/\/www.facebook.com\/sharer\/sharer.php?u=https:\/\/radiokosak.com.br\/portal\/amelhor-radio\/&#038;title=R\u00e1dio%20Kosak,%2020%20anos%20No%20Ar!\">\n\t\t\t\t\t\t\t<i class=\"qticon-facebook\"><\/i>\n\t\t\t\t\t\t<\/a>\n\t\t\t\t\t<\/li>\n\t\t\t\t\t<li>\n\t\t\t\t\t\t<a class=\"qt-popupwindow qt-sharelink\" target=\"_blank\" rel=\"nofollow\" \n\t\t\t\t\t\t\tdata-name=\"Share\" data-width=\"600\" data-height=\"500\" target=\"_blank\" href=\"http:\/\/twitter.com\/share?text=R\u00e1dio%20Kosak,%2020%20anos%20No%20Ar!&#038;url=https:\/\/radiokosak.com.br\/portal\/amelhor-radio\/\">\n\t\t\t\t\t\t\t<i class=\"qticon-twitter\"><\/i>\n\t\t\t\t\t\t<\/a>\n\t\t\t\t\t<\/li>\n\n\n\t\t\t\t\t<li>\n\t\t\t\t\t\t<a class=\"qt-popupwindow qt-sharelink\" target=\"_blank\" rel=\"nofollow\" \n\t\t\t\t\t\t\tdata-name=\"Share\" data-width=\"600\" data-height=\"500\" target=\"_blank\" href=\"https:\/\/pinterest.com\/pin\/create\/button\/?&#038;url=https:\/\/radiokosak.com.br\/portal\/amelhor-radio\/&#038;description=R\u00e1dio%20Kosak,%2020%20anos%20No%20Ar!&#038;media=https:\/\/radiokosak.com.br\/portal\/wp-content\/uploads\/2024\/08\/estudio-de-radio-web-como-montar-um-estudio-scaled-1-2048x1366.jpg1_-1024x683.webp\">\n\t\t\t\t\t\t\t<i class=\"qticon-pinterest\"><\/i>\n\t\t\t\t\t\t<\/a>\n\t\t\t\t\t<\/li>\n\n\t\t\t\t\t<li>\n\t\t\t\t\t\t<a class=\"qt-popupwindow qt-sharelink\" target=\"_blank\" rel=\"nofollow\"  \n\t\t\t\t\t\t\tdata-name=\"Share\" data-width=\"600\" data-height=\"500\" target=\"_blank\" href=\"https:\/\/www.linkedin.com\/shareArticle?mini=true&#038;url=https:\/\/radiokosak.com.br\/portal\/amelhor-radio\/&#038;title=R\u00e1dio%20Kosak,%2020%20anos%20No%20Ar!\">\n\t\t\t\t\t\t\t<i class=\"qticon-linkedin\"><\/i>\n\t\t\t\t\t\t<\/a>\n\t\t\t\t\t<\/li>\n\n\t\t\t\t\t<li>\n\t\t\t\t\t\t<a class=\"qt-popupwindow qt-sharelink\" target=\"_blank\" rel=\"nofollow\" \n\t\t\t\t\t\t\tdata-name=\"Share\" data-width=\"600\" data-height=\"500\" target=\"_blank\"  href=\"https:\/\/wa.me\/?text=R%C3%A1dio+Kosak%2C+20+anos+No+Ar%21+-+https:\/\/radiokosak.com.br\/portal\/amelhor-radio\/\">\n\t\t\t\t\t\t\t<i class=\"qticon-whatsapp\"><\/i>\n\t\t\t\t\t\t<\/a>\n\t\t\t\t\t<\/li>\n\n\n\t\t\t\t\t\t\t\t\t\t\t<li>\n\t\t\t\t\t\t\t<a href=\"#\" class=\"qt-btn-primary qt-sharelink qt-loveit-link \"\"  data-post_id=\"5271\"><i class=\"qticon-heart\"><\/i>\n\t\t\t\t\t\t\t\t<span class=\"qtli count\"><\/span>\n\t\t\t\t\t\t\t<\/a>\n\t\t\t\t\t\t<\/li>\n\t\t\t\t\t\t\t\t\t<\/ul>\n\t\t\t<\/div>\n\t\t\t<!-- SHARE FUNCTIONS ================================================== -->\n\n\n\n\t\t[\/vc_column][\/vc_row][vc_row qt_container=&#8221;true&#8221;][vc_column css=&#8221;.vc_custom_1677115413099{background-color: #ffffff !important;}&#8221;]\t\t\t<hr class=\"qt-spacer-s\">\n\t\t[\/vc_column][\/vc_row][vc_row css_animation=&#8221;fadeInDown&#8221;][vc_column width=&#8221;1\/2&#8243; css=&#8221;.vc_custom_1677115897641{background-color: #ffffff !important;border-radius: 1px !important;}&#8221;]\t\t\t<h3 class=\"qt-caption-med qt-capfont \"><span>Kosak - Hits<\/span><\/h3>\n\t\t\t\t\t<p class=\"qt-center\">\n\t\t\t<a href=\"https:\/\/player.srvif.com\/player-app-multi-plataforma\/7806?app-multi=preview\" class=\"qt-btn qt-btn-primary qt-btn-l qt-appicon noajax\"><span class=\"qt-app_android\"><\/span><\/a><a href=\"https:\/\/player.srvif.com\/player-app-multi-plataforma\/7806?app-multi=preview\" class=\"qt-btn qt-btn-primary qt-btn-l qt-appicon noajax\"><span class=\"qt-app_alexa\"><\/span><\/a><a href=\"https:\/\/player.srvif.com\/player-app-multi-plataforma\/7806?app-multi=preview\" class=\"qt-btn qt-btn-primary qt-btn-l qt-appicon noajax\"><span class=\"qt-app_iphone\"><\/span><\/a><a href=\"https:\/\/player.srvif.com\/player-app-multi-plataforma\/7806?app-multi=preview\" class=\"qt-btn qt-btn-primary qt-btn-l qt-appicon noajax\"><span class=\"qt-app_itunes\"><\/span><\/a><a href=\"https:\/\/player.srvif.com\/player-app-multi-plataforma\/7806?app-multi=preview\" class=\"qt-btn qt-btn-primary qt-btn-l qt-appicon noajax\"><span class=\"qt-app_winphone\"><\/span><\/a><a href=\"https:\/\/player.srvif.com\/player-app-multi-plataforma\/7806?app-multi=preview\" class=\"qt-btn qt-btn-primary qt-btn-l qt-appicon noajax\"><span class=\"qt-app_mediaplayer\"><\/span><\/a><a href=\"https:\/\/player.srvif.com\/player-app-multi-plataforma\/7806?app-multi=preview\" class=\"qt-btn qt-btn-primary qt-btn-l qt-appicon noajax\"><span class=\"qt-app_winamp\"><\/span><\/a><a href=\"https:\/\/player.srvif.com\/player-app-multi-plataforma\/7806?app-multi=preview\" class=\"qt-btn qt-btn-primary qt-btn-l qt-appicon noajax\"><span class=\"qt-app_tunein\"><\/span><\/a>\t\t\t<\/p>\n\t\t[\/vc_column][vc_column width=&#8221;1\/2&#8243; css=&#8221;.vc_custom_1677115907241{background-color: #ffffff !important;}&#8221;]\t\t\t<h3 class=\"qt-caption-med qt-capfont \"><span>Kosak - Light<\/span><\/h3>\n\t\t\t\t\t<p class=\"qt-center\">\n\t\t\t<a href=\"https:\/\/player.srvif.com\/player-app-multi-plataforma\/7736?app-multi=preview\" class=\"qt-btn qt-btn-primary qt-btn-l qt-appicon noajax\"><span class=\"qt-app_android\"><\/span><\/a><a href=\"https:\/\/player.srvif.com\/player-app-multi-plataforma\/7736?app-multi=preview\" class=\"qt-btn qt-btn-primary qt-btn-l qt-appicon noajax\"><span class=\"qt-app_alexa\"><\/span><\/a><a href=\"https:\/\/player.srvif.com\/player-app-multi-plataforma\/7806?app-multi=preview\" class=\"qt-btn qt-btn-primary qt-btn-l qt-appicon noajax\"><span class=\"qt-app_iphone\"><\/span><\/a><a href=\"https:\/\/player.srvif.com\/player-app-multi-plataforma\/7736?app-multi=preview\" class=\"qt-btn qt-btn-primary qt-btn-l qt-appicon noajax\"><span class=\"qt-app_itunes\"><\/span><\/a><a href=\"https:\/\/player.srvif.com\/player-app-multi-plataforma\/7736?app-multi=preview\" class=\"qt-btn qt-btn-primary qt-btn-l qt-appicon noajax\"><span class=\"qt-app_winphone\"><\/span><\/a><a href=\"https:\/\/player.srvif.com\/player-app-multi-plataforma\/7736?app-multi=preview\" class=\"qt-btn qt-btn-primary qt-btn-l qt-appicon noajax\"><span class=\"qt-app_mediaplayer\"><\/span><\/a><a href=\"https:\/\/player.srvif.com\/player-app-multi-plataforma\/7736?app-multi=preview\" class=\"qt-btn qt-btn-primary qt-btn-l qt-appicon noajax\"><span class=\"qt-app_winamp\"><\/span><\/a><a href=\"https:\/\/player.srvif.com\/player-app-multi-plataforma\/7736?app-multi=preview\" class=\"qt-btn qt-btn-primary qt-btn-l qt-appicon noajax\"><span class=\"qt-app_tunein\"><\/span><\/a>\t\t\t<\/p>\n\t\t[\/vc_column][\/vc_row][vc_row][vc_column][\/vc_column][\/vc_row]<\/p>\n","protected":false},"excerpt":{"rendered":"<p>[vc_row][vc_column][\/vc_column][\/vc_row][vc_row full_width=&#8221;stretch_row&#8221; qt_negative=&#8221;true&#8221; qt_container=&#8221;true&#8221; css=&#8221;.vc_custom_1636429348648{padding-top: 20px !important;background-color: #242530 !important;}&#8221;][vc_column][\/vc_column][\/vc_row][vc_row qt_container=&#8221;true&#8221;][vc_column css=&#8221;.vc_custom_1677115413099{background-color: #ffffff !important;}&#8221;][\/vc_column][\/vc_row][vc_row css_animation=&#8221;fadeInDown&#8221;][vc_column width=&#8221;1\/2&#8243; css=&#8221;.vc_custom_1677115897641{background-color: #ffffff !important;border-radius: 1px !important;}&#8221;][\/vc_column][vc_column width=&#8221;1\/2&#8243; css=&#8221;.vc_custom_1677115907241{background-color: #ffffff !important;}&#8221;][\/vc_column][\/vc_row][vc_row][vc_column][\/vc_column][\/vc_row]<\/p>\n","protected":false},"author":1,"featured_media":0,"parent":0,"menu_order":-99,"comment_status":"closed","ping_status":"closed","template":"page-visualcomposer.php","meta":{"_joinchat":[],"footnotes":""},"class_list":["post-2897","page","type-page","status-publish","hentry"],"_links":{"self":[{"href":"https:\/\/radiokosak.com.br\/portal\/wp-json\/wp\/v2\/pages\/2897","targetHints":{"allow":["GET"]}}],"collection":[{"href":"https:\/\/radiokosak.com.br\/portal\/wp-json\/wp\/v2\/pages"}],"about":[{"href":"https:\/\/radiokosak.com.br\/portal\/wp-json\/wp\/v2\/types\/page"}],"author":[{"embeddable":true,"href":"https:\/\/radiokosak.com.br\/portal\/wp-json\/wp\/v2\/users\/1"}],"replies":[{"embeddable":true,"href":"https:\/\/radiokosak.com.br\/portal\/wp-json\/wp\/v2\/comments?post=2897"}],"version-history":[{"count":88,"href":"https:\/\/radiokosak.com.br\/portal\/wp-json\/wp\/v2\/pages\/2897\/revisions"}],"predecessor-version":[{"id":7030,"href":"https:\/\/radiokosak.com.br\/portal\/wp-json\/wp\/v2\/pages\/2897\/revisions\/7030"}],"wp:attachment":[{"href":"https:\/\/radiokosak.com.br\/portal\/wp-json\/wp\/v2\/media?parent=2897"}],"curies":[{"name":"wp","href":"https:\/\/api.w.org\/{rel}","templated":true}]}}